{"id":99,"date":"2019-09-06T00:11:03","date_gmt":"2019-09-05T22:11:03","guid":{"rendered":"http:\/\/bagrujem.cz\/?page_id=99"},"modified":"2023-10-12T17:00:16","modified_gmt":"2023-10-12T15:00:16","slug":"cenik","status":"publish","type":"page","link":"https:\/\/bagrujem.cz\/index.php\/cenik\/","title":{"rendered":"Cen\u00edk"},"content":{"rendered":"\n<p style=\"color:#e92020;text-align:center\" class=\"has-text-color\"><strong>Bagrujem.cz +420 775 201 165<\/strong><\/p>\n\n\n\n<h2 class=\"wp-block-heading\">Bagry<\/h2>\n\n\n\n<div id=\"footable_parent_344\"\n         class=\" footable_parent ninja_table_wrapper loading_ninja_table wp_table_data_press_parent semantic_ui \">\n                <table data-ninja_table_instance=\"ninja_table_instance_0\" data-footable_id=\"344\" data-filter-delay=\"1000\" aria-label=\"bagry.csv\"            id=\"footable_344\"\n           data-unique_identifier=\"ninja_table_unique_id_2099505325_344\"\n           class=\" foo-table ninja_footable foo_table_344 ninja_table_unique_id_2099505325_344 ui table  nt_type_ajax_table selectable striped vertical_centered  footable-paging-right ninja_table_search_disabled\">\n                <colgroup>\n                            <col class=\"ninja_column_0 \">\n                            <col class=\"ninja_column_1 \">\n                            <col class=\"ninja_column_2 \">\n                    <\/colgroup>\n            <\/table>\n    \n    \n    \n<\/div>\n\n\n\n\n<h2 class=\"wp-block-heading\">Autodoprava<\/h2>\n\n\n<div id=\"footable_parent_348\"\n         class=\" footable_parent ninja_table_wrapper loading_ninja_table wp_table_data_press_parent semantic_ui \">\n                <table data-ninja_table_instance=\"ninja_table_instance_1\" data-footable_id=\"348\" data-filter-delay=\"1000\" aria-label=\"doprava.csv\"            id=\"footable_348\"\n           data-unique_identifier=\"ninja_table_unique_id_616875636_348\"\n           class=\" foo-table ninja_footable foo_table_348 ninja_table_unique_id_616875636_348 ui table  nt_type_ajax_table selectable striped vertical_centered  footable-paging-right ninja_table_search_disabled\">\n                <colgroup>\n                            <col class=\"ninja_column_0 \">\n                            <col class=\"ninja_column_1 \">\n                            <col class=\"ninja_column_2 \">\n                    <\/colgroup>\n            <\/table>\n    \n    \n    \n<\/div>\n\n\n\n\n<p style=\"text-align:center\"> <\/p>\n\n\n\n<p>* V\u00fd\u0161e uveden\u00e9 ceny jsou pouze orienta\u010dn\u00ed a bez DPH. <\/p>\n","protected":false},"excerpt":{"rendered":"<p>Bagrujem.cz +420 775 201 165 Bagry Autodoprava * V\u00fd\u0161e uveden\u00e9 ceny jsou pouze orienta\u010dn\u00ed a bez DPH.<\/p>\n","protected":false},"author":1,"featured_media":156,"parent":0,"menu_order":0,"comment_status":"closed","ping_status":"closed","template":"","meta":{"footnotes":""},"_links":{"self":[{"href":"https:\/\/bagrujem.cz\/index.php\/wp-json\/wp\/v2\/pages\/99"}],"collection":[{"href":"https:\/\/bagrujem.cz\/index.php\/wp-json\/wp\/v2\/pages"}],"about":[{"href":"https:\/\/bagrujem.cz\/index.php\/wp-json\/wp\/v2\/types\/page"}],"author":[{"embeddable":true,"href":"https:\/\/bagrujem.cz\/index.php\/wp-json\/wp\/v2\/users\/1"}],"replies":[{"embeddable":true,"href":"https:\/\/bagrujem.cz\/index.php\/wp-json\/wp\/v2\/comments?post=99"}],"version-history":[{"count":34,"href":"https:\/\/bagrujem.cz\/index.php\/wp-json\/wp\/v2\/pages\/99\/revisions"}],"predecessor-version":[{"id":373,"href":"https:\/\/bagrujem.cz\/index.php\/wp-json\/wp\/v2\/pages\/99\/revisions\/373"}],"wp:featuredmedia":[{"embeddable":true,"href":"https:\/\/bagrujem.cz\/index.php\/wp-json\/wp\/v2\/media\/156"}],"wp:attachment":[{"href":"https:\/\/bagrujem.cz\/index.php\/wp-json\/wp\/v2\/media?parent=99"}],"curies":[{"name":"wp","href":"https:\/\/api.w.org\/{rel}","templated":true}]}}