{"id":19,"date":"2019-06-08T15:22:58","date_gmt":"2019-06-08T13:22:58","guid":{"rendered":"http:\/\/bagrujem.cz\/?page_id=19"},"modified":"2021-05-27T12:56:20","modified_gmt":"2021-05-27T10:56:20","slug":"19-2","status":"publish","type":"page","link":"https:\/\/bagrujem.cz\/","title":{"rendered":""},"content":{"rendered":"\n<h3 class=\"wp-block-heading\">O n\u00e1s<\/h3>\n\n\n\n<p>Na\u0161e firma se specializuje na v\u00fdkopov\u00e9 a zemn\u00ed pr\u00e1ce , demoli\u010dn\u00ed pr\u00e1ce i s odvozem materi\u00e1lu, p\u0159istaven\u00ed a odvezen\u00ed kontejneru, v\u010detn\u011b nalo\u017een\u00ed. Dov\u00e1\u017e\u00edme a odv\u00e1\u017e\u00edme p\u00edsek, su\u0165, recykl\u00e1t, beton, zeminu a jin\u00e9 materi\u00e1ly. Krom t\u011bchto slu\u017eeb je u n\u00e1s i mo\u017enost zap\u016fj\u010den\u00ed zemn\u00edch stroj\u016f. Soupisku ve\u0161ker\u00fdch stroj\u016f naleznete v sekci <a href=\"http:\/\/bagrujem.cz\/index.php\/technika\/\">Technika<\/a>.  B\u011bhem pl\u00e1nov\u00e1n\u00ed jsme ochotni k v\u00e1m p\u0159ijet na osobn\u00ed konzultaci, b\u011bhem kter\u00e9 v\u00e1m porad\u00edme jak nejefektivn\u011bji vy\u0159e\u0161it danou zemn\u00ed \u010di demoli\u010dn\u00ed pr\u00e1ci v\u010detn\u011b p\u0159epravy materi\u00e1lu \u010di odvozu sut\u011b.<br><\/p>\n\n\n\n<p><a href=\"http:\/\/bagrujem.cz\/index.php\/stroje\/\"><\/a><\/p>\n\n\n\n<h3 class=\"wp-block-heading\"><br><\/h3>\n","protected":false},"excerpt":{"rendered":"<p>O n\u00e1s Na\u0161e firma se specializuje na v\u00fdkopov\u00e9 a zemn\u00ed pr\u00e1ce , demoli\u010dn\u00ed pr\u00e1ce i s odvozem materi\u00e1lu, p\u0159istaven\u00ed a odvezen\u00ed kontejneru, v\u010detn\u011b nalo\u017een\u00ed. Dov\u00e1\u017e\u00edme a odv\u00e1\u017e\u00edme p\u00edsek, su\u0165, recykl\u00e1t, beton, zeminu a jin\u00e9 materi\u00e1ly. Krom t\u011bchto slu\u017eeb je u n\u00e1s i mo\u017enost zap\u016fj\u010den\u00ed zemn\u00edch stroj\u016f. Soupisku ve\u0161ker\u00fdch stroj\u016f naleznete [&hellip;]<\/p>\n","protected":false},"author":1,"featured_media":0,"parent":0,"menu_order":0,"comment_status":"closed","ping_status":"closed","template":"","meta":{"footnotes":""},"_links":{"self":[{"href":"https:\/\/bagrujem.cz\/index.php\/wp-json\/wp\/v2\/pages\/19"}],"collection":[{"href":"https:\/\/bagrujem.cz\/index.php\/wp-json\/wp\/v2\/pages"}],"about":[{"href":"https:\/\/bagrujem.cz\/index.php\/wp-json\/wp\/v2\/types\/page"}],"author":[{"embeddable":true,"href":"https:\/\/bagrujem.cz\/index.php\/wp-json\/wp\/v2\/users\/1"}],"replies":[{"embeddable":true,"href":"https:\/\/bagrujem.cz\/index.php\/wp-json\/wp\/v2\/comments?post=19"}],"version-history":[{"count":20,"href":"https:\/\/bagrujem.cz\/index.php\/wp-json\/wp\/v2\/pages\/19\/revisions"}],"predecessor-version":[{"id":364,"href":"https:\/\/bagrujem.cz\/index.php\/wp-json\/wp\/v2\/pages\/19\/revisions\/364"}],"wp:attachment":[{"href":"https:\/\/bagrujem.cz\/index.php\/wp-json\/wp\/v2\/media?parent=19"}],"curies":[{"name":"wp","href":"https:\/\/api.w.org\/{rel}","templated":true}]}}