{"id":148,"date":"2019-09-07T16:21:19","date_gmt":"2019-09-07T14:21:19","guid":{"rendered":"http:\/\/bagrujem.cz\/?page_id=148"},"modified":"2019-09-07T16:21:20","modified_gmt":"2019-09-07T14:21:20","slug":"zemni-prace-pro-okres-strakonice-mesto","status":"publish","type":"page","link":"https:\/\/bagrujem.cz\/index.php\/zemni-prace-pro-okres-strakonice-mesto\/","title":{"rendered":"Zemn\u00ed pr\u00e1ce pro okres Strakonice-m\u011bsto"},"content":{"rendered":"\n<p>\n\nV okrese Strakonice-m\u011bsto a tedy ve m\u011bstech (Bavorov (Blanice , \u010cichtice , Svin\u011btice , Tourov , \u00dat\u011b\u0161ov) , B\u011bl\u010dice (Hosti\u0161ovice , Podruhl\u00ed , Tisov , \u00dajezdec , Z\u00e1hrob\u00ed , Z\u00e1vi\u0161\u00edn) , Bezd\u011bdovice (Dob\u0161ice , Pa\u0161tiky) , B\u00edlsko (Netonice , Z\u00e1lu\u017e\u00ed) , Blatn\u00e1 (Blatenka , \u010cekanice , Drahenick\u00fd M\u00e1lkov , Hn\u011bvkov , Jind\u0159ichovice , Mil\u010dice , \u0158e\u010dice , Skali\u010dany) , Bratronice (Katovsko) , B\u0159ez\u00ed , Budyn\u011b , Buzice (V\u00e1clavov) , Cehnice (Dunovice) , \u010ce\u010delovice , \u010cejetice (Mlad\u011bjovice , Sedl\u00edkovice , Sedli\u0161t\u011b , Sudom\u011b\u0159) , \u010cep\u0159ovice (Ji\u0159etice , Koje\u010d\u00edn) , \u010cestice (Doubravice u Volyn\u011b , Kru\u0161lov , Naho\u0159any , Nuz\u00edn , Rade\u0161ov , St\u0159\u00eddka) , \u010c\u00ed\u010denice (Strp\u00ed , \u00dajezdec) , Doubravice (Naho\u0161\u00edn) , Drahonice (Albrechtice) , Drachkov , Dr\u00e1\u017eov (|Dobr\u0161 , Dr\u00e1\u017eov , Kv\u00e1skovice , Z\u00e1les\u00ed) , Drou\u017eetice (\u010cern\u00edkov) , D\u0159e\u0161\u00edn (D\u0159e\u0161\u00ednek , Ho\u0159ej\u0161ice , Chval\u0161ovice) , Hajany , H\u00e1jek , Hlup\u00edn , Horn\u00ed Po\u0159\u00ed\u010d\u00ed (Doln\u00ed Po\u0159\u00ed\u010d\u00ed) , Hornos\u00edn , Hoslovice (Hod\u011bjov , \u0160krobo\u010dov) , Ho\u0161tice , Chel\u010dice , Chlum , Chobot (\u00dajezd u Skali\u010dan) , Chr\u00e1\u0161\u0165ovice (Kl\u00ednovice) , Jin\u00edn , Kadov (Ln\u00e1\u0159sk\u00fd M\u00e1lkov , Mra\u010dov , Pole , Vrbno) , Kalenice , Katovice , Kladruby , Kocelovice , Krajn\u00ed\u010dko , Kraselov (Lhota u Svat\u00e9 Anny , Mil\u010dice , Mladotice) , Kra\u0161lovice (Vitice) , Krejnice , Krty-Hradec , Ku\u0159imany , Kv\u00e1skovice , La\u017e\u00e1nky , La\u017eany , Lib\u011bjovice (\u010cern\u011bves , Nestanice) , Lib\u011btice , Litochovice (Neuslu\u017eice , St\u0159\u00edte\u017e) , Ln\u00e1\u0159e (Zahor\u010dice) , Lom (M\u00edre\u010d) , Ma\u010dkov , Malenice (Stra\u0148ovice , Zle\u0161ice) , Me\u010dichov , M\u011bkynec , Milejovice , Milo\u0148ovice (Nov\u00e1 Ves , Sudkovice) , Mnichov , Mut\u011bnice , My\u0161tice (Ko\u017el\u00ed , Lacin\u00e1 , St\u0159\u00ed\u017eovice , Svobodka , Vahlovice , V\u00fd\u0161ice) , Neb\u0159ehovice (Zadn\u00ed Pt\u00e1kovice) , N\u011bm\u010dice , N\u011bm\u011btice , Niho\u0161ovice (Jeti\u0161ov) , Ni\u0161ovice , Nov\u00e1 Ves (Lhota pod K\u016fstr\u00fdm , V\u00edska) , Novosedly , Osek (Jemnice , Mal\u00e1 Turn\u00e1 , Petrovice , Rohozn\u00e1) , Para\u010dov , Pivkovice (Chr\u00e1st) , Pohorovice (Kloub) , Pracejovice (Makarov) , P\u0159edm\u00ed\u0159 (Metly , \u0158i\u0161t\u011b , Z\u00e1mlyn\u00ed) , P\u0159edn\u00ed Zborovice , P\u0159edslavice (Kakovice , Mar\u010dovice , \u00dalehle , V\u0161echlapy) , P\u0159echovice , P\u0159e\u0161\u0165ovice (Brusy , Kbelnice) , Rad\u011bjovice , Radomy\u0161l (Domanice , L\u00e1z , Leskovice , Podol\u00ed , Rojice) , Rado\u0161ovice (Jedra\u017e , Kapsova Lhota , Mil\u00edkovice , Svary\u0161ov) , Rovn\u00e1 , \u0158epice , Sedlice (D\u016fl , Holu\u0161ice , Mu\u017eetice , N\u011bm\u010dice) , Sk\u00e1ly , Sko\u010dice (Lidmovice) , Slan\u00edk , Sousedovice (Smiradice) , Sto\u017eice (K\u0159epice , Lib\u011bjovick\u00e9 Svobodn\u00e9 Hory) , Strakonice (Dra\u017eejov , Hajsk\u00e1 , Modle\u0161ovice , P\u0159edn\u00ed Pt\u00e1kovice , Strakonice I , Strakonice II , St\u0159ela , Virt) , Stra\u0161ice (\u0160k\u016fdra) , Strunkovice nad Voly\u0148kou , St\u0159elsk\u00e9 Ho\u0161tice (Kozlov , Sedlo , St\u0159elskoho\u0161tick\u00e1 Lhota) , \u0160kvo\u0159etice (Pacelice) , \u0160t\u011bchovice , \u0160t\u011bke\u0148 (Nov\u00e9 Kest\u0159any , V\u00edtkov) , Tcho\u0159ovice , Truskovice (Dlouh\u00e1 Ves) , T\u0159ebohostice (Zadn\u00ed Zborovice) , T\u0159e\u0161ovice , \u00dalehle (Radkovice , \u0160vejcarova Lhota) , \u00danice (Hubenov) , Uzenice , Uzeni\u010dky (\u010cern\u00edvsko) , Vacovice , Velk\u00e1 Turn\u00e1 , Vod\u0148any (\u010cavyn\u011b , Hvo\u017e\u010fany , K\u0159t\u011btice , Pra\u017e\u00e1k , Rad\u010dice , \u00dajezd , Vod\u0148ansk\u00e9 Svobodn\u00e9 Hory , Vod\u0148any I , Vod\u0148any II) , Volenice (Ohrazenice , Ta\u017eovice , Ta\u017eovick\u00e1 Lhota , Vojnice) , Volyn\u011b (Zechovice , Starov , \u010cern\u011btice , Ra\u010d\u00ed) , Z\u00e1bo\u0159\u00ed , Zahor\u010dice , Zvotoky) dok\u00e1\u017eeme prov\u00e9st v\u00fdkopov\u00e9, zemn\u00ed \u010di demoli\u010dn\u00ed pr\u00e1ce v\u010detn\u011b odvozu materi\u00e1lu, p\u0159istaven\u00ed a odvezen\u00ed kontejneru za bezkonkuren\u010dn\u00ed ceny.\n\n<\/p>\n","protected":false},"excerpt":{"rendered":"<p>V okrese Strakonice-m\u011bsto a tedy ve m\u011bstech (Bavorov (Blanice , \u010cichtice , Svin\u011btice , Tourov , \u00dat\u011b\u0161ov) , B\u011bl\u010dice (Hosti\u0161ovice , Podruhl\u00ed , Tisov , \u00dajezdec , Z\u00e1hrob\u00ed , Z\u00e1vi\u0161\u00edn) , Bezd\u011bdovice (Dob\u0161ice , Pa\u0161tiky) , B\u00edlsko (Netonice , Z\u00e1lu\u017e\u00ed) , Blatn\u00e1 (Blatenka , \u010cekanice , Drahenick\u00fd M\u00e1lkov , Hn\u011bvkov [&hellip;]<\/p>\n","protected":false},"author":1,"featured_media":0,"parent":0,"menu_order":0,"comment_status":"closed","ping_status":"closed","template":"","meta":{"footnotes":""},"_links":{"self":[{"href":"https:\/\/bagrujem.cz\/index.php\/wp-json\/wp\/v2\/pages\/148"}],"collection":[{"href":"https:\/\/bagrujem.cz\/index.php\/wp-json\/wp\/v2\/pages"}],"about":[{"href":"https:\/\/bagrujem.cz\/index.php\/wp-json\/wp\/v2\/types\/page"}],"author":[{"embeddable":true,"href":"https:\/\/bagrujem.cz\/index.php\/wp-json\/wp\/v2\/users\/1"}],"replies":[{"embeddable":true,"href":"https:\/\/bagrujem.cz\/index.php\/wp-json\/wp\/v2\/comments?post=148"}],"version-history":[{"count":1,"href":"https:\/\/bagrujem.cz\/index.php\/wp-json\/wp\/v2\/pages\/148\/revisions"}],"predecessor-version":[{"id":149,"href":"https:\/\/bagrujem.cz\/index.php\/wp-json\/wp\/v2\/pages\/148\/revisions\/149"}],"wp:attachment":[{"href":"https:\/\/bagrujem.cz\/index.php\/wp-json\/wp\/v2\/media?parent=148"}],"curies":[{"name":"wp","href":"https:\/\/api.w.org\/{rel}","templated":true}]}}