{"id":146,"date":"2019-09-07T16:20:52","date_gmt":"2019-09-07T14:20:52","guid":{"rendered":"http:\/\/bagrujem.cz\/?page_id=146"},"modified":"2019-09-07T16:20:53","modified_gmt":"2019-09-07T14:20:53","slug":"zemni-prace-pro-okres-rakovnik-mesto","status":"publish","type":"page","link":"https:\/\/bagrujem.cz\/index.php\/zemni-prace-pro-okres-rakovnik-mesto\/","title":{"rendered":"Zemn\u00ed pr\u00e1ce pro okres Rakovn\u00edk-m\u011bsto"},"content":{"rendered":"\n<p>\n\nV okrese Rakovn\u00edk-m\u011bsto a tedy ve m\u011bstech (Bd\u00edn , Branov , B\u0159e\u017eany , \u010cist\u00e1 (K\u0159ekovice , K\u016fzov\u00e1 , Lhota , Nov\u00e1 Ves , Smrk , Strachovice , Zdeslav) , D\u011bkov (Nov\u00e1 Ves , Vlkov) , Drahou\u0161 (Svat\u00fd Hubert , Tlestky) , Ho\u0159esedly , Ho\u0159ovi\u010dky (Bukov , Hokov , Vrbice) , Hracholusky , H\u0159ebe\u010dn\u00edky (Novosedly , \u0160lovice , T\u00fd\u0159ovice , \u00dajezdec) , H\u0159edle , Hvozd (\u017d\u010f\u00e1ry) , Chr\u00e1\u0161\u0165any (Nov\u00fd Dv\u016fr) , Janov , Jesenice (Bedlno , Chot\u011b\u0161ov , Kosobody , Podbo\u0159\u00e1nky , Sose\u0148) , Kalivody , Karlova Ves , Kn\u011b\u017eeves , Kole\u0161ov , Kole\u0161ovice (He\u0159manov , Zderaz) , Kounov , Kozojedy , Krakov , Krakovec (Zho\u0159) , Krou\u010dov\u00e1 , Krty , Krup\u00e1 , Kru\u0161ovice , K\u0159ivokl\u00e1t (\u010castonice , P\u00edsky) , La\u0161ovice , Li\u0161any , Lubn\u00e1 , Lu\u017en\u00e1 , Malinov\u00e1 , M\u011bste\u010dko , Milost\u00edn (Povl\u010d\u00edn) , Mil\u00fd , M\u0161ec , M\u0161eck\u00e9 \u017dehrovice (Lodenice) , Mut\u011bjovice (Lhota pod D\u017eb\u00e1nem) , Nesuchyn\u011b , Nezabudice , Nov\u00e9 Stra\u0161ec\u00ed (Pec\u00ednov) , Nov\u00fd D\u016fm , Ole\u0161n\u00e1 , Or\u00e1\u010dov (Kle\u010detn\u00e9) , Pano\u0161\u00ed \u00dajezd , Pavl\u00edkov (Chlum , Ry\u0161\u00edn , Sk\u0159iva\u0148 , Tytry) , Petrovice , Pochvalov , P\u0159erubenice (Du\u010dice) , P\u0159\u00ed\u010dina , P\u0159\u00edlepy , P\u0161ovlky , Pustov\u011bty , Ra\u010dice , Rakovn\u00edk (Rakovn\u00edk I , Rakovn\u00edk II) , Roztoky , Ruda , Rynholec , \u0158e\u0159ichy (Nov\u00fd Dv\u016fr) , \u0158evni\u010dov , Senec , Senomaty (Hostokryje , Nouzov) , Skryje , Slabce (Kostel\u00edk , Mal\u00e9 Slabce , Mod\u0159ejovice , Nov\u00e1 Ves , Rous\u00ednov , Skup\u00e1 , Svina\u0159ov) , Smilovice , Srbe\u010d , Svojet\u00edn (Veclov) , S\u00fdko\u0159ice , \u0160anov , \u0160\u00edpy (B\u011blbo\u017eice , Mil\u00ed\u010dov) , \u0160vihov , T\u0159eboc , T\u0159tice , V\u00e1clavy , Velk\u00e1 Bukov\u00e1 (Kalubice , Mal\u00e1 Bukov\u00e1) , Velk\u00e1 Chmeli\u0161tn\u00e1 (H\u016frky) , V\u0161esulov , V\u0161etaty , Zavidov , Zbe\u010dno (\u00dajezd nad Zbe\u010dnem) , \u017d\u010f\u00e1r (Ot\u011bv\u011bky)) dok\u00e1\u017eeme prov\u00e9st v\u00fdkopov\u00e9, zemn\u00ed \u010di demoli\u010dn\u00ed pr\u00e1ce v\u010detn\u011b odvozu materi\u00e1lu, p\u0159istaven\u00ed a odvezen\u00ed kontejneru za bezkonkuren\u010dn\u00ed ceny.\n\n<\/p>\n","protected":false},"excerpt":{"rendered":"<p>V okrese Rakovn\u00edk-m\u011bsto a tedy ve m\u011bstech (Bd\u00edn , Branov , B\u0159e\u017eany , \u010cist\u00e1 (K\u0159ekovice , K\u016fzov\u00e1 , Lhota , Nov\u00e1 Ves , Smrk , Strachovice , Zdeslav) , D\u011bkov (Nov\u00e1 Ves , Vlkov) , Drahou\u0161 (Svat\u00fd Hubert , Tlestky) , Ho\u0159esedly , Ho\u0159ovi\u010dky (Bukov , Hokov , Vrbice) , [&hellip;]<\/p>\n","protected":false},"author":1,"featured_media":0,"parent":0,"menu_order":0,"comment_status":"closed","ping_status":"closed","template":"","meta":{"footnotes":""},"_links":{"self":[{"href":"https:\/\/bagrujem.cz\/index.php\/wp-json\/wp\/v2\/pages\/146"}],"collection":[{"href":"https:\/\/bagrujem.cz\/index.php\/wp-json\/wp\/v2\/pages"}],"about":[{"href":"https:\/\/bagrujem.cz\/index.php\/wp-json\/wp\/v2\/types\/page"}],"author":[{"embeddable":true,"href":"https:\/\/bagrujem.cz\/index.php\/wp-json\/wp\/v2\/users\/1"}],"replies":[{"embeddable":true,"href":"https:\/\/bagrujem.cz\/index.php\/wp-json\/wp\/v2\/comments?post=146"}],"version-history":[{"count":1,"href":"https:\/\/bagrujem.cz\/index.php\/wp-json\/wp\/v2\/pages\/146\/revisions"}],"predecessor-version":[{"id":147,"href":"https:\/\/bagrujem.cz\/index.php\/wp-json\/wp\/v2\/pages\/146\/revisions\/147"}],"wp:attachment":[{"href":"https:\/\/bagrujem.cz\/index.php\/wp-json\/wp\/v2\/media?parent=146"}],"curies":[{"name":"wp","href":"https:\/\/api.w.org\/{rel}","templated":true}]}}