{"id":141,"date":"2019-09-07T16:19:43","date_gmt":"2019-09-07T14:19:43","guid":{"rendered":"http:\/\/bagrujem.cz\/?page_id=141"},"modified":"2019-10-05T16:09:07","modified_gmt":"2019-10-05T14:09:07","slug":"zemni-prace-pro-okres-prachatice-mesto","status":"publish","type":"page","link":"https:\/\/bagrujem.cz\/index.php\/zemni-prace-pro-okres-prachatice-mesto\/","title":{"rendered":"Zemn\u00ed pr\u00e1ce pro okres Prachatice-m\u011bsto"},"content":{"rendered":"\n<p style=\"color:#e92020;text-align:center\" class=\"has-text-color\"><strong>Bagrujem.cz +420 775 201 165<\/strong><\/p>\n\n\n\n<p>\n\nV okrese Prachatice-m\u011bsto a tedy ve m\u011bstech (Babice (Zv\u011b\u0159etice) , Bohumilice , Bohunice , Borov\u00e1 Lada (\u010cern\u00e1 Lada , Kn\u00ed\u017eec\u00ed Pl\u00e1n\u011b , Nov\u00fd Sv\u011bt , Paseka , Svinn\u00e1 Lada , \u0160indlov , Zahr\u00e1dky) , Bo\u0161ice (Budilov , Hrad\u010dany , Z\u00e1ho\u0159\u00ed) , Budkov , Buk (V\u010deln\u00e1 pod Boub\u00ednem , Vy\u0161ovatka) , Bu\u0161anovice (Beneda , Doln\u00ed Nakvasovice , Horn\u00ed Nakvasovice , \u017delibo\u0159ice) , \u010ckyn\u011b (Dolany , Horosedly , On\u0161ovice , P\u0159edenice , Sp\u016fle , Z\u00e1ho\u0159\u00ed\u010dko) , Drslavice (Chv\u00e1lov , \u0160karez 1.d\u00edl , \u0160vihov , Trp\u00edn) , Dub (Bor\u010dice , Dubsk\u00e1 Lhota , Dvorec , Javornice) , Dvory , Horn\u00ed Vltavice (B\u0159ezov\u00e1 Lada , Polka , Ra\u010d\u00ed , Slatina , \u017dl\u00edbky) , Hracholusky (Obora , Vrbice , \u017ditn\u00e1) , Husinec (Horouty , V\u00fdrov) , Chlumany , Chroboly (Lepta\u010d , Lu\u010denice , Ovesn\u00e9 , P\u0159\u00edslop , Rohanov , Z\u00e1ho\u0159\u00ed) , Chvalovice , Kratu\u0161\u00edn (Chl\u00edstov) , K\u0159i\u0161\u0165anov (Arno\u0161tov , Markov) , Kti\u0161 (B\u0159ezov\u00edk , Dobro\u010dkov , Kti\u0161-Pila , Milet\u00ednky , Sm\u011bde\u010d , Sm\u011bde\u010dek , Tisovka) , Kubova Hu\u0165 , Kvilda (Bu\u010dina , Franti\u0161kov , Hrab\u011bc\u00ed Hu\u0165 , Vyd\u0159\u00ed Most) , La\u017ei\u0161t\u011b , L\u010dovice , Lenora (Hou\u017en\u00e1 , Kaplice , Vl\u010d\u00ed J\u00e1my , Z\u00e1to\u0148) , Lhenice (Doln\u00ed Chr\u00e1\u0161\u0165any , Horn\u00ed Chr\u00e1\u0161\u0165any , Ho\u0159\u00edkovice , Hrbov , T\u0159ebanice , T\u0159e\u0161\u0148ov\u00fd \u00dajezdec , Vadkov , Vodice) , Lipovice (Konopi\u0161t\u011b) , Lu\u017eice , Mahou\u0161 , Malovice (Hole\u010dkov , Hradi\u0161t\u011b , Krtely , Malovi\u010dky , Pode\u0159i\u0161t\u011b) , Mi\u010dovice (Frantoly , J\u00e1ma , Klenovice , Ratiborova Lhota) , Nebahovy (Jelemek , Kralovice , La\u017ei\u0161\u0165ka , Zdenice) , N\u011bm\u010dice (Sedlovice) , Netolice (Petr\u016fv Dv\u016fr) , Nicov (Popeln\u00e1 , \u0158etenice , Studenec) , Nov\u00e1 Pec (B\u011bl\u00e1 , Dlouh\u00fd Bor , Jelen\u00ed , L\u00e1z , Nov\u00e9 Chalupy , P\u011bkn\u00e1) , Nov\u00e9 Hut\u011b , Ol\u0161ovice (Hl\u00e1ska) , P\u011b\u010dnov , Prachatice (Kahov , Lib\u00ednsk\u00e9 Sedlo , M\u011bstsk\u00e1 Lhotka , Oseky , Ostrov , Perlovice , Podol\u00ed , Prachatice I , Prachatice II , St\u00e1dla , Star\u00e9 Prachatice , Volovice) , Radhostice (Dvorec , Libotyn\u011b , L\u0161t\u011bn\u00ed) , Stachy (Jaro\u0161kov , \u00dabislav) , Sto\u017eec (\u010cesk\u00e9 \u017dleby , Dobr\u00e1) , Str\u00e1\u017en\u00fd (M\u011bstys|Hlini\u0161t\u011b , Ko\u0159enn\u00fd , Str\u00e1\u017en\u00fd , \u0158asnice) , Strunkovice nad Blanic\u00ed (Blani\u010dka , Mal\u00fd Bor , Protivec , Svojnice , \u0160ipoun , Velk\u00fd Bor , \u017d\u00edchovec) , Svat\u00e1 Ma\u0159\u00ed (Brdo , Smr\u010dn\u00e1 , \u0160t\u00edtkov , Trhon\u00edn , V\u00edcemily) , \u0160umavsk\u00e9 Ho\u0161tice (Kosmo , \u0160karez 2.d\u00edl , Vojslavice , Nedv\u00eddkov) , T\u011b\u0161ovice (B\u011ble\u010d , B\u011ble\u010dsk\u00e1 Lhota) , Tvrzice , \u00dajezdec , Vacov (Bene\u0161ova Hora , \u010c\u00e1buze , Javorn\u00edk , Lhota nad Rohanovem , Mil\u00edkov , Mi\u0159etice , Mlad\u00edkov , Nespice , P\u0159e\u010d\u00edn , Pt\u00e1kova Lhota , Rohanov , Vlkonice , \u017d\u00e1r) , Vimperk (Arno\u0161tka , Bo\u0159anovice , Boubsk\u00e1 , Cejsice , Hrabice , Kl\u00e1\u0161terec , Korkusova Hu\u0165 , K\u0159esanov , Lipka , Michlova Hu\u0165 , Modlenice , Prav\u011bt\u00edn , Skl\u00e1\u0159e , Soln\u00e1 Lhota , Sudslavice , U Sloup\u016f , Veselka , Vimperk I , Vimperk II , Vimperk III , Vnarovy , V\u00fd\u0161kovice) , Vit\u011bjovice , Vlachovo B\u0159ez\u00ed (Dachov , Doln\u00ed Ko\u017el\u00ed , Doubrava , Horn\u00ed Ko\u017el\u00ed , Chocholat\u00e1 Lhota , Mojkov , Uh\u0159ice) , Volary (Chlum , Mlyn\u00e1\u0159ovice) , Vrbice , Z\u00e1blat\u00ed (Albrechtovice , Hl\u00e1sn\u00e1 Lhota , Horn\u00ed Z\u00e1blat\u00ed , K\u0159i\u0161\u0165anovice , \u0158epe\u0161\u00edn , Salad\u00edn , Zv\u011b\u0159enice) , Z\u00e1brd\u00ed , Z\u00e1lezly (Bol\u00edkovice , Kovan\u00edn , Set\u011bchovice) , Zbytiny (Bla\u017eejovice , Koryto , Sk\u0159\u00edn\u011b\u0159ov , Sp\u00e1lenec , Svi\u0148ovice) , Zd\u00edkov (Brani\u0161ov , Hodon\u00edn , Mas\u00e1kova Lhota , Nov\u00fd Dv\u016fr , Putkov , Ra\u010dov , Zd\u00edkovec , \u017d\u00edrec) , \u017d\u00e1rovn\u00e1 , \u017delnava (Slune\u010dn\u00e1 , Z\u00e1hvozd\u00ed) , \u017dernovice (Dubovice)) dok\u00e1\u017eeme prov\u00e9st v\u00fdkopov\u00e9, zemn\u00ed \u010di demoli\u010dn\u00ed pr\u00e1ce v\u010detn\u011b odvozu materi\u00e1lu, p\u0159istaven\u00ed a odvezen\u00ed kontejneru za bezkonkuren\u010dn\u00ed ceny.\n\n<\/p>\n","protected":false},"excerpt":{"rendered":"<p>Bagrujem.cz +420 775 201 165 V okrese Prachatice-m\u011bsto a tedy ve m\u011bstech (Babice (Zv\u011b\u0159etice) , Bohumilice , Bohunice , Borov\u00e1 Lada (\u010cern\u00e1 Lada , Kn\u00ed\u017eec\u00ed Pl\u00e1n\u011b , Nov\u00fd Sv\u011bt , Paseka , Svinn\u00e1 Lada , \u0160indlov , Zahr\u00e1dky) , Bo\u0161ice (Budilov , Hrad\u010dany , Z\u00e1ho\u0159\u00ed) , Budkov , Buk (V\u010deln\u00e1 [&hellip;]<\/p>\n","protected":false},"author":1,"featured_media":156,"parent":0,"menu_order":0,"comment_status":"closed","ping_status":"closed","template":"","meta":{"footnotes":""},"_links":{"self":[{"href":"https:\/\/bagrujem.cz\/index.php\/wp-json\/wp\/v2\/pages\/141"}],"collection":[{"href":"https:\/\/bagrujem.cz\/index.php\/wp-json\/wp\/v2\/pages"}],"about":[{"href":"https:\/\/bagrujem.cz\/index.php\/wp-json\/wp\/v2\/types\/page"}],"author":[{"embeddable":true,"href":"https:\/\/bagrujem.cz\/index.php\/wp-json\/wp\/v2\/users\/1"}],"replies":[{"embeddable":true,"href":"https:\/\/bagrujem.cz\/index.php\/wp-json\/wp\/v2\/comments?post=141"}],"version-history":[{"count":2,"href":"https:\/\/bagrujem.cz\/index.php\/wp-json\/wp\/v2\/pages\/141\/revisions"}],"predecessor-version":[{"id":318,"href":"https:\/\/bagrujem.cz\/index.php\/wp-json\/wp\/v2\/pages\/141\/revisions\/318"}],"wp:featuredmedia":[{"embeddable":true,"href":"https:\/\/bagrujem.cz\/index.php\/wp-json\/wp\/v2\/media\/156"}],"wp:attachment":[{"href":"https:\/\/bagrujem.cz\/index.php\/wp-json\/wp\/v2\/media?parent=141"}],"curies":[{"name":"wp","href":"https:\/\/api.w.org\/{rel}","templated":true}]}}