{"id":127,"date":"2019-09-07T16:16:25","date_gmt":"2019-09-07T14:16:25","guid":{"rendered":"http:\/\/bagrujem.cz\/?page_id=127"},"modified":"2019-10-05T16:08:45","modified_gmt":"2019-10-05T14:08:45","slug":"zemni-prace-pro-okres-mlada-boleslav-mesto","status":"publish","type":"page","link":"https:\/\/bagrujem.cz\/index.php\/zemni-prace-pro-okres-mlada-boleslav-mesto\/","title":{"rendered":"Zemn\u00ed pr\u00e1ce pro okres Mlad\u00e1 Boleslav-m\u011bsto"},"content":{"rendered":"\n<p style=\"color:#e92020;text-align:center\" class=\"has-text-color\"><strong>Bagrujem.cz +420 775 201 165<\/strong><\/p>\n\n\n\n<p>\n\nV okrese Mlad\u00e1 Boleslav-m\u011bsto a tedy ve m\u011bstech (Bakov nad Jizerou (Brejlov , Buda , Horka , Chudoplesy , Kloko\u010dka , Mal\u00e1 B\u011bl\u00e1 , Mal\u00fd Re\u010dkov , Podhrad\u00ed , Stud\u00e9nka , Velk\u00fd Re\u010dkov , Z\u00e1jezdy , Zv\u00ed\u0159etice) , B\u011bl\u00e1 pod Bezd\u011bzem (Bezd\u011bdice , B\u0159ezinka , Hl\u00ednovi\u0161t\u011b , Vrchb\u011bl\u00e1) , Ben\u00e1tky nad Jizerou (Ben\u00e1tky nad Jizerou I (Nov\u00e9 Ben\u00e1tky) , Ben\u00e1tky nad Jizerou II (Star\u00e9 Ben\u00e1tky) , Ben\u00e1tky nad Jizerou III (Obod\u0159) , Dra\u017eice , Kbel) , Bezno , B\u00edl\u00e1 Hl\u00edna , B\u00edtouchov (Dale\u0161ice , Dol\u00e1nky) , Bore\u010d (\u017debice) , Bose\u0148 (Mu\u017esk\u00fd , Z\u00e1pudov , Z\u00e1sadka) , Bradlec , Bran\u017ee\u017e (Nov\u00e1 Ves , Zakopan\u00e1) , Brodce , B\u0159ezina (Honsob) , B\u0159ezno (Dol\u00e1nky) , B\u0159ezovice (V\u00edska) , Bukovno (L\u00edny) , Ctim\u011b\u0159ice , \u010cachovice (Struhy) , \u010cist\u00e1 , Dalovice , Dlouh\u00e1 Lhota , Dobrovice (Bojetice , Hol\u00e9 Vrchy , Chloumek , Libichov , S\u00fd\u010dina , T\u00fdnec , \u00daherce) , Dob\u0161\u00edn (Kamenice) , Doln\u00ed Bousov (Bechov , Horn\u00ed Bousov , O\u0161\u0165ovice , St\u0159ehom , Svobod\u00edn , Vl\u010d\u00ed Pole) , Doln\u00ed Krup\u00e1 , Doln\u00ed Slivno (Sliv\u00ednko) , Doln\u00ed Stakory , Domousnice (Sky\u0161ice) , Doubravi\u010dka , Horky nad Jizerou , Horn\u00ed Bukovina (Doln\u00ed Bukovina) , Horn\u00ed Slivno , Hrdlo\u0159ezy , Hru\u0161ov , Hus\u00ed Lhota , Charvatce , Chocn\u011bjovice (Buda , Bu\u0159\u00ednsko 1.d\u00edl , Bu\u0159\u00ednsko 2.d\u00edl , Drahotice , Ou\u010d , Rostkov , Sovenice) , Chot\u011btov (H\u0159ivno) , Chud\u00ed\u0159 , Jabkenice , Jivina , Jizern\u00ed Vtelno , Josef\u016fv D\u016fl , Katusice (Doubravice , Spikaly , Trnov\u00e1 , Valovice) , Kl\u00e1\u0161ter Hradi\u0161t\u011b nad Jizerou , Kluky , Kn\u011b\u017emost (B\u00fd\u010dina , \u010c\u00ed\u017eovka , Drhleny , Chlum\u00edn , Koprn\u00edk , L\u00edtkovice , Malobrat\u0159ice , N\u00e1sedlnice , Solec , Sole\u010dek , Srbsko , Suhrovice , \u00dahelnice , \u017dantov) , Kobylnice , Koch\u00e1nky , Kolomuty , Koryta , Kosmonosy (Horn\u00ed Stakory) , Koso\u0159ice , Ko\u0161\u00e1tky , Kov\u00e1\u0148 , Kovanec , Kr\u00e1sn\u00e1 Ves , Krnsko (\u0158ehnice) , Krop\u00e1\u010dova Vrutice (Kojovice , Krpy , St\u0159\u00ed\u017eovice , Su\u0161no) , Ledce , Lhotky (\u0158ehnice) , Lipn\u00edk , Loukov , Loukovec (Hub\u00e1lov) , Lu\u0161t\u011bnice (Vod\u011brady , Zelen\u00e1) , Me\u010de\u0159\u00ed\u017e , Mlad\u00e1 Boleslav (Mlad\u00e1 Boleslav I (Star\u00e9 M\u011bsto) , Mlad\u00e1 Boleslav II (Nov\u00e9 M\u011bsto) , Mlad\u00e1 Boleslav III (Podolec) , Mlad\u00e1 Boleslav IV (Pt\u00e1k) , Bezd\u011b\u010d\u00edn , \u010cejetice , \u010cejeti\u010dky , Deb\u0159 , Chr\u00e1st , Jemn\u00edky , Michalovice , Podchlum\u00ed , Podl\u00e1zky) , Mnichovo Hradi\u0161t\u011b (Dneboh , Dobr\u00e1 Voda , Hn\u011bvousice , Ho\u0161kovice , Hradec , Kruhy , Lhotice , Ol\u0161ina , Podol\u00ed , Sychrov , Vesel\u00e1) , Mohelnice nad Jizerou (Podhora) , Muka\u0159ov (Borovice , Vicmanov) , N\u011bm\u010dice , Nemyslovice , Nep\u0159ev\u00e1zka , Neveklovice , Nim\u011b\u0159ice (Doln\u00ed Cetno , Horn\u00ed Cetno) , Nov\u00e1 Telib (Klad\u011bruby) , Nov\u00e1 Ves u Bakova , Obrubce (Obora , V\u0161eborsko) , Obruby , P\u011b\u010dice , P\u011btikozly , Petkovy (\u010c\u00ed\u017eovky) , P\u00edskov\u00e1 Lhota (Z\u00e1most\u00ed) , Plazy (Valy) , Plu\u017en\u00e1 , Proda\u0161ice , P\u0159edm\u011b\u0159ice nad Jizerou (Ka\u010dov) , P\u0159epe\u0159e , Pt\u00fdrov (\u010cih\u00e1tka , Man\u00edkovice , Pt\u00fdrovec) , Rabakov , Rohatsko , Rokyt\u00e1 (Doln\u00ed Rokyt\u00e1 , Horn\u00ed Rokyt\u00e1) , Rokytovec (Mal\u00e9 Horky) , \u0158epov , \u0158itonice , Sedlec , Sem\u010dice , Sezemice (Jirsko 1.d\u00edl) , Skalsko , Skorkov (Otradovice , Podbrahy) , Smilovice (Bratronice , Rej\u0161ice , \u00dajezd , \u00dajezdec) , Sojovice , Sov\u00ednky , Stra\u0161nov , Str\u00e1\u017ei\u0161t\u011b (Kozmice) , Strenice , Sudom\u011b\u0159 , Sukorady (Martinovice) , Tu\u0159ice (Sob\u011btuchy) , Ujkovice , Velk\u00e9 V\u0161elisy , Veselice , Vina\u0159ice , Vinec , Vlkava (Bor) , Vr\u00e1tno , V\u0161ejany (Vanovice) , Zd\u011bt\u00edn , \u017d\u010f\u00e1r (B\u0159ehy , Doubrava , P\u0159\u00edhrazy , Skokovy , \u017d\u010f\u00e1r , \u017dehrov) , \u017der\u010dice , \u017didn\u011bves) dok\u00e1\u017eeme prov\u00e9st v\u00fdkopov\u00e9, zemn\u00ed \u010di demoli\u010dn\u00ed pr\u00e1ce v\u010detn\u011b odvozu materi\u00e1lu, p\u0159istaven\u00ed a odvezen\u00ed kontejneru za bezkonkuren\u010dn\u00ed ceny.\n\n<\/p>\n","protected":false},"excerpt":{"rendered":"<p>Bagrujem.cz +420 775 201 165 V okrese Mlad\u00e1 Boleslav-m\u011bsto a tedy ve m\u011bstech (Bakov nad Jizerou (Brejlov , Buda , Horka , Chudoplesy , Kloko\u010dka , Mal\u00e1 B\u011bl\u00e1 , Mal\u00fd Re\u010dkov , Podhrad\u00ed , Stud\u00e9nka , Velk\u00fd Re\u010dkov , Z\u00e1jezdy , Zv\u00ed\u0159etice) , B\u011bl\u00e1 pod Bezd\u011bzem (Bezd\u011bdice , B\u0159ezinka , [&hellip;]<\/p>\n","protected":false},"author":1,"featured_media":156,"parent":0,"menu_order":0,"comment_status":"closed","ping_status":"closed","template":"","meta":{"footnotes":""},"_links":{"self":[{"href":"https:\/\/bagrujem.cz\/index.php\/wp-json\/wp\/v2\/pages\/127"}],"collection":[{"href":"https:\/\/bagrujem.cz\/index.php\/wp-json\/wp\/v2\/pages"}],"about":[{"href":"https:\/\/bagrujem.cz\/index.php\/wp-json\/wp\/v2\/types\/page"}],"author":[{"embeddable":true,"href":"https:\/\/bagrujem.cz\/index.php\/wp-json\/wp\/v2\/users\/1"}],"replies":[{"embeddable":true,"href":"https:\/\/bagrujem.cz\/index.php\/wp-json\/wp\/v2\/comments?post=127"}],"version-history":[{"count":2,"href":"https:\/\/bagrujem.cz\/index.php\/wp-json\/wp\/v2\/pages\/127\/revisions"}],"predecessor-version":[{"id":314,"href":"https:\/\/bagrujem.cz\/index.php\/wp-json\/wp\/v2\/pages\/127\/revisions\/314"}],"wp:featuredmedia":[{"embeddable":true,"href":"https:\/\/bagrujem.cz\/index.php\/wp-json\/wp\/v2\/media\/156"}],"wp:attachment":[{"href":"https:\/\/bagrujem.cz\/index.php\/wp-json\/wp\/v2\/media?parent=127"}],"curies":[{"name":"wp","href":"https:\/\/api.w.org\/{rel}","templated":true}]}}