{"id":121,"date":"2019-09-07T16:15:02","date_gmt":"2019-09-07T14:15:02","guid":{"rendered":"http:\/\/bagrujem.cz\/?page_id=121"},"modified":"2019-10-05T16:08:38","modified_gmt":"2019-10-05T14:08:38","slug":"zemni-prace-pro-okres-kolin-mesto","status":"publish","type":"page","link":"https:\/\/bagrujem.cz\/index.php\/zemni-prace-pro-okres-kolin-mesto\/","title":{"rendered":"Zemn\u00ed pr\u00e1ce pro okres Kol\u00edn-m\u011bsto"},"content":{"rendered":"\n<p style=\"color:#e92020;text-align:center\" class=\"has-text-color\"><strong>Bagrujem.cz +420 775 201 165<\/strong><\/p>\n\n\n\n<p>\n\nV okrese Kol\u00edn-m\u011bsto a tedy ve m\u011bstech (Barchovice (Hryzely , Radlice) , Be\u010dv\u00e1ry (\u010cerven\u00fd Hr\u00e1dek , Hat\u011b , Horn\u00ed Jel\u010dany , Po\u010fousy) , B\u011blu\u0161ice , B\u0159e\u017eany I (Chocenice) , B\u0159e\u017eany II , B\u00fdchory , Cerhenice (Cerh\u00fdnky) , C\u00edrkvice , \u010cerven\u00e9 Pe\u010dky (Bohou\u0148ovice I , Boji\u0161t\u011b , Bo\u0159etice|\u010certovka| Dobe\u0161ovice , \u010cesk\u00fd Brod (Liblice , \u0160tolm\u00ed\u0159) , Dob\u0159ichov , Doln\u00ed Chvatliny (Horn\u00ed Chvatliny , Man\u010dice) , Dom\u00e1novice , Doubrav\u010dice , Drahobudice , Grunta , Horn\u00ed Kruty (Bohou\u0148ovice II , Doln\u00ed Kruty , P\u0159estavlky , \u00dajezdec) , Hrade\u0161\u00edn , Cho\u0165ovice , Chotutice , Chr\u00e1\u0161\u0165any (Bylany , Chotou\u0148) , Jest\u0159ab\u00ed Lhota , Kbel (Kb\u00edlek) , Kl\u00e1\u0161tern\u00ed Skalice , Klu\u010dov (Lstibo\u0159 , Skramn\u00edky , \u017dhery) , Kol\u00edn (I Kol\u00edn , II Pra\u017esk\u00e9 P\u0159edm\u011bst\u00ed , III Kou\u0159imsk\u00e9 P\u0159edm\u011bst\u00ed , IV Kutnohorsk\u00e9 P\u0159edm\u011bst\u00ed , V Z\u00e1lab\u00ed , VI \u0160t\u00edtarsk\u00e9 P\u0159edm\u011bst\u00ed , Sendra\u017eice , \u0160t\u00edtary , \u0160\u0165\u00e1ralka , Zibohlavy) , Kon\u00e1rovice , Ko\u0159enice (Chotouchov , Pu\u010dery) , Kou\u0159im (Molitorov) , Krakovany (Bo\u017eec) , Krup\u00e1 (Syne\u010d) , Krychnov , K\u0159e\u010dho\u0159 (Kamhajek , Kutl\u00ed\u0159e) , K\u0161ely , Libenice , Libod\u0159ice , Lipec , Lo\u0161any (Lo\u0161\u00e1nky) , Malotice (Lhotky) , Masojedy , Mrzky , Nebovidy (Hlubok\u00fd D\u016fl) , N\u011bm\u010dice , Nov\u00e1 Ves I , Oha\u0159e , Ov\u010d\u00e1ry , Pa\u0161inka , Pe\u010dky (Velk\u00e9 Chvalovice) , Pla\u0148any (Blinka , Hraden\u00edn , Pobo\u0159\u00ed) , P\u0148ov-P\u0159edhrad\u00ed (Klipec , P\u0148ov , P\u0159edhrad\u00ed) , Polepy , Poln\u00ed Chr\u010dice , Poln\u00ed Vod\u011brady , Po\u0159\u00ed\u010dany , P\u0159ehvozd\u00ed , P\u0159istoupim , P\u0159i\u0161imasy (Horka , Sk\u0159ivany) , Radim , Radovesnice I , Radovesnice II , Ratbo\u0159 (Sedlov , T\u011b\u0161\u00ednky) , Ratenice , Rostoklaty (Nov\u00e1 Ves II) , Skvr\u0148ov , Star\u00fd Kol\u00edn (Ba\u0161ta) , Svoj\u0161ice (Bo\u0161ice , Nov\u00e1 Ves III) , Tatce , Tismice (Limuzy) , Tou\u0161ice (Ml\u00e9kovice) , T\u0159ebovle (Borek , Kr\u00e1lovstv\u00ed , Mi\u0161kovice) , T\u0159i Dvory , Tuchoraz , Tuklaty (Tlustovousy) , T\u00fdnec nad Labem , Uhl\u00ed\u0159sk\u00e1 Lhota (Rasochy) , Veletov , Velim (V\u00edt\u011bzov) , Velk\u00fd Osek , Veltruby (Hradi\u0161\u0165ko I) , Vitice (Dobr\u00e9 Pole , H\u0159iby , Chot\u00fd\u0161 , Lipany , Mo\u010dedn\u00edk) , Vol\u00e1rna , Vr\u00e1tkov , Vrb\u010dany , Zale\u0161any (P\u0159ebozy) , Z\u00e1smuky (Doubrav\u010dany , Nesm\u011b\u0148 , Sobo\u010dice , Vr\u0161ice) , \u017dabonosy , \u017dd\u00e1nice , \u017dehu\u0148 , \u017di\u017eelice (Hradi\u0161\u0165ko II , Kon\u010dice , Kundratice , Loukonosy , Zbra\u0148)) dok\u00e1\u017eeme prov\u00e9st v\u00fdkopov\u00e9, zemn\u00ed \u010di demoli\u010dn\u00ed pr\u00e1ce v\u010detn\u011b odvozu materi\u00e1lu, p\u0159istaven\u00ed a odvezen\u00ed kontejneru za bezkonkuren\u010dn\u00ed ceny.\n\n<\/p>\n","protected":false},"excerpt":{"rendered":"<p>Bagrujem.cz +420 775 201 165 V okrese Kol\u00edn-m\u011bsto a tedy ve m\u011bstech (Barchovice (Hryzely , Radlice) , Be\u010dv\u00e1ry (\u010cerven\u00fd Hr\u00e1dek , Hat\u011b , Horn\u00ed Jel\u010dany , Po\u010fousy) , B\u011blu\u0161ice , B\u0159e\u017eany I (Chocenice) , B\u0159e\u017eany II , B\u00fdchory , Cerhenice (Cerh\u00fdnky) , C\u00edrkvice , \u010cerven\u00e9 Pe\u010dky (Bohou\u0148ovice I , Boji\u0161t\u011b [&hellip;]<\/p>\n","protected":false},"author":1,"featured_media":156,"parent":0,"menu_order":0,"comment_status":"closed","ping_status":"closed","template":"","meta":{"footnotes":""},"_links":{"self":[{"href":"https:\/\/bagrujem.cz\/index.php\/wp-json\/wp\/v2\/pages\/121"}],"collection":[{"href":"https:\/\/bagrujem.cz\/index.php\/wp-json\/wp\/v2\/pages"}],"about":[{"href":"https:\/\/bagrujem.cz\/index.php\/wp-json\/wp\/v2\/types\/page"}],"author":[{"embeddable":true,"href":"https:\/\/bagrujem.cz\/index.php\/wp-json\/wp\/v2\/users\/1"}],"replies":[{"embeddable":true,"href":"https:\/\/bagrujem.cz\/index.php\/wp-json\/wp\/v2\/comments?post=121"}],"version-history":[{"count":2,"href":"https:\/\/bagrujem.cz\/index.php\/wp-json\/wp\/v2\/pages\/121\/revisions"}],"predecessor-version":[{"id":311,"href":"https:\/\/bagrujem.cz\/index.php\/wp-json\/wp\/v2\/pages\/121\/revisions\/311"}],"wp:featuredmedia":[{"embeddable":true,"href":"https:\/\/bagrujem.cz\/index.php\/wp-json\/wp\/v2\/media\/156"}],"wp:attachment":[{"href":"https:\/\/bagrujem.cz\/index.php\/wp-json\/wp\/v2\/media?parent=121"}],"curies":[{"name":"wp","href":"https:\/\/api.w.org\/{rel}","templated":true}]}}