{"id":117,"date":"2019-09-07T16:14:19","date_gmt":"2019-09-07T14:14:19","guid":{"rendered":"http:\/\/bagrujem.cz\/?page_id=117"},"modified":"2019-10-05T16:08:29","modified_gmt":"2019-10-05T14:08:29","slug":"zemni-prace-pro-okres-jindrichuv-hradec-mesto","status":"publish","type":"page","link":"https:\/\/bagrujem.cz\/index.php\/zemni-prace-pro-okres-jindrichuv-hradec-mesto\/","title":{"rendered":"Zemn\u00ed pr\u00e1ce pro okres Jind\u0159ich\u016fv Hradec-m\u011bsto"},"content":{"rendered":"\n<p style=\"color:#e92020;text-align:center\" class=\"has-text-color\"><strong>Bagrujem.cz +420 775 201 165<\/strong><\/p>\n\n\n\n<p>\n\nV okrese Jind\u0159ich\u016fv Hradec-m\u011bsto a tedy ve m\u011bstech (B\u00e1\u0148ovice , Bedn\u00e1rec , Bedn\u00e1re\u010dek , Bla\u017eejov (Dvore\u010dek , Mal\u00fd Ratm\u00edrov , Mutyn\u011bves , Old\u0159i\u0161) , Bo\u0159et\u00edn , B\u0159ezina , Bude\u010d (Borov\u00e1) , Bud\u00ed\u0161kovice (Mane\u0161ovice , Ostojkovice , Vesce) , Cep , Cizkrajov (Doln\u00ed Bol\u00edkov , Hole\u0161ice , Mutn\u00e1) , \u010cerven\u00fd Hr\u00e1dek , \u010cesk\u00e9 Velenice , \u010cesk\u00fd Rudolec (Horn\u00ed Rad\u00edkov , Lipnice , Markvarec , Mat\u011bjovec , Nov\u00e1 Ves , Nov\u00fd Sv\u011bt , Rad\u00edkov , Ro\u017enov , Stoje\u010d\u00edn) , \u010c\u00edm\u011b\u0159 (B\u00edl\u00e1 , \u010c\u00edm\u011b\u0159 , Dobr\u00e1 Voda , Lhota , Nov\u00e1 Ves , Poto\u010dn\u00e1 , Sedlo) , \u010clunek (Kun\u011bjov , Lomy) , Da\u010dice (B\u00edlkov , Borek , Da\u010dice I , Da\u010dice II , Da\u010dice III , Da\u010dice IV , Da\u010dice V , Doln\u00ed N\u011bm\u010dice , Hostkovice , Hradi\u0161\u0165ko , Chlumec , Lipolec , Mal\u00fd P\u011b\u010d\u00edn , Prost\u0159edn\u00ed Vyd\u0159\u00ed , Tou\u017e\u00edn , Velk\u00fd P\u011b\u010d\u00edn) , De\u0161n\u00e1 (B\u011bl\u010dovice , Dan\u010dovice , De\u0161n\u00e1 , Hlubok\u00e1 , Chvalkovice , Pla\u010dovice , Ranc\u00ed\u0159ov) , De\u0161tn\u00e1 (Lipovka) , D\u00edv\u010d\u00ed Kopy , Dobroho\u0161\u0165 , Doln\u00ed P\u011bna , Doln\u00ed \u017d\u010f\u00e1r (Horn\u00ed Lhota) , Doman\u00edn , Do\u0148ov , Drun\u010de (Annovice) , Dunajovice , Dvory nad Lu\u017enic\u00ed , Frahel\u017e , Hadravova Rosi\u010dka , Hal\u00e1mky , Hamr , Hat\u00edn (Jem\u010dina , Stajka) , He\u0159mane\u010d , Horn\u00ed Mezi\u0159\u00ed\u010dko , Horn\u00ed N\u011bm\u010dice , Horn\u00ed P\u011bna (Mal\u00edkov nad Ne\u017e\u00e1rkou) , Horn\u00ed Radou\u0148 (Bukovka , Nov\u00fd Bozd\u011bchov , Star\u00fd Bozd\u011bchov) , Horn\u00ed Skr\u00fdchov , Horn\u00ed Slatina , Hosp\u0159\u00edz (Hrutkov) , Hrachovi\u0161t\u011b , H\u0159\u00ed\u0161ice (Jersice) , Chlum u T\u0159ebon\u011b (Lutov\u00e1 , Mirochov , \u017d\u00edte\u010d) , Jaro\u0161ov nad Ne\u017e\u00e1rkou (Host\u011bjeves , Kruplov , Lov\u011bt\u00edn , Mat\u011bjovec , Nekras\u00edn , Pejdlova Rosi\u010dka , Zde\u0161ov) , Jilem , Jind\u0159ich\u016fv Hradec (Buk , D\u011bbol\u00edn , Doln\u00ed Radou\u0148 , Doln\u00ed Skr\u00fdchov , Horn\u00ed \u017d\u010f\u00e1r , Jind\u0159ich\u016fv Hradec I , Jind\u0159ich\u016fv Hradec II , Jind\u0159ich\u016fv Hradec III , Jind\u0159ich\u016fv Hradec IV , Jind\u0159ich\u016fv Hradec V , Matn\u00e1 , Ot\u00edn , Pol\u00edkno , Radou\u0148ka) , Ka\u010dlehy , Kamenn\u00fd Mal\u00edkov , Karda\u0161ova \u0158e\u010dice (Mnich , N\u00edtovice) , Klec , Kosteln\u00ed Radou\u0148 , Kosteln\u00ed Vyd\u0159\u00ed , Kun\u017eak (Kaproun , Kun\u017eak , Mosty , Suchdol , Terez\u00edn , Valt\u00ednov , Zv\u016fle) , L\u00e1senice , Lodh\u00e9\u0159ov (Najdek , Studnice) , Lomnice nad Lu\u017enic\u00ed , Lu\u017enice , Majdalena , Nov\u00e1 Byst\u0159ice (Albe\u0159 , Artolec , Blato , Hradi\u0161t\u011b , H\u016frky , Kl\u00e1\u0161ter , Klenov\u00e1 , Nov\u00e1 Byst\u0159ice , Nov\u00fd Voj\u00ed\u0159ov , Ov\u010d\u00e1rna , Senot\u00edn , Skalka , Smr\u010dn\u00e1 , Mnich u Nov\u00e9 Byst\u0159ice) , Nov\u00e1 Ole\u0161n\u00e1 , Nov\u00e1 V\u010delnice , Nov\u00e1 Ves nad Lu\u017enic\u00ed (\u017dofina Hu\u0165) , Novosedly nad Ne\u017e\u00e1rkou (Kolence , Ml\u00e1ka) , Okrouhl\u00e1 Radou\u0148 , Pe\u010d (Lid\u00e9\u0159ovice , Urbane\u010d) , P\u00edse\u010dn\u00e9 (Chvalet\u00edn , Marketa , Modletice , Nov\u00e9 Sady , P\u00edse\u010dn\u00e9 , Slav\u011bt\u00edn , V\u00e1clavov) , P\u00edstina , Plavsko , Ple\u0161e , Pluh\u016fv \u017d\u010f\u00e1r (\u010cerven\u00e1 Lhota , Ji\u017en\u00e1 , Klenov , Moste\u010dn\u00fd , Plasn\u00e1 , Pluh\u016fv \u017d\u010f\u00e1r , Poho\u0159\u00ed , Samosoly) , Pol\u0161t\u011b , Pon\u011bdra\u017e , Pon\u011bdr\u00e1\u017eka , Popel\u00edn (Horn\u00ed Ole\u0161n\u00e1) , P\u0159\u00edbraz , Rap\u0161ach (Nov\u00e1 Ves u Klikova) , Ratibo\u0159 , Rodv\u00ednov (Jind\u0159i\u0161) , Rose\u010d , Rosi\u010dka , Slavonice (Kadolec , Ma\u0159\u00ed\u017e , Muti\u0161ov , Ruba\u0161ov , Slavonice , St\u00e1lkov , Vlastkovec) , Smr\u017eov , Sta\u0148kov , Star\u00e9 Hobz\u00ed (Janov , Nov\u00e9 Dvory , Nov\u00e9 Hobz\u00ed , Star\u00e9 Hobz\u00ed , Vnorovice) , Star\u00e9 M\u011bsto pod Land\u0161tejnem (Star\u00e9 M\u011bsto pod Land\u0161tejnem , Veclov , Dobrot\u00edn , N\u00e1vary , Podles\u00ed , Pomez\u00ed , Land\u0161tejn , Vit\u00edn\u011bves) , Str\u00e1\u017e nad Ne\u017e\u00e1rkou (Doln\u00ed Lhota , Dvorce) , Strmilov (\u010cesk\u00e1 Ole\u0161n\u00e1 , Le\u0161tina , Mal\u00fd Jen\u00edkov , Palup\u00edn) , St\u0159\u00edb\u0159ec (Libo\u0159ezy , Mn\u00ed\u0161ek) , St\u0159\u00ed\u017eovice (Budkov , Vl\u010dice) , Studen\u00e1 (Doma\u0161\u00edn , Horn\u00ed Bol\u00edkov , Horn\u00ed Pole , Mar\u0161ov , Ol\u0161any , Skr\u00fdchov , Sumrakov , Sv\u011btl\u00e1 , Velk\u00fd Jen\u00edkov) , Suchdol nad Lu\u017enic\u00ed (Bor , Franti\u0161kov , Hrdlo\u0159ezy , Klikov , Tu\u0161\u0165) , Sv\u011btce , T\u0159eb\u011btice , T\u0159ebo\u0148 (Brann\u00e1 , B\u0159ilice , Holi\u010dky , Nov\u00e1 Hl\u00edna , P\u0159eseka , Star\u00e1 Hl\u00edna , T\u0159ebo\u0148 I , T\u0159ebo\u0148 II) , \u00dajezdec , Velk\u00fd Ratm\u00edrov , V\u00edcemil , Vi\u0161\u0148ov\u00e1 , Vl\u010det\u00ednec , Volf\u00ed\u0159ov (Brandl\u00edn , Lipov\u00e1 , Poldovka , Radlice , \u0158e\u010dice , \u0160ach , Velk\u00e1 Lhota , Volf\u00ed\u0159ov) , Vyd\u0159\u00ed , Z\u00e1blat\u00ed , Z\u00e1ho\u0159\u00ed , Zahr\u00e1dky (Horn\u00ed Dvorce) , \u017d\u010f\u00e1r (Mal\u00e1 Rosi\u010dka) , \u017dupanovice) dok\u00e1\u017eeme prov\u00e9st v\u00fdkopov\u00e9, zemn\u00ed \u010di demoli\u010dn\u00ed pr\u00e1ce v\u010detn\u011b odvozu materi\u00e1lu, p\u0159istaven\u00ed a odvezen\u00ed kontejneru za bezkonkuren\u010dn\u00ed ceny.\n\n<\/p>\n","protected":false},"excerpt":{"rendered":"<p>Bagrujem.cz +420 775 201 165 V okrese Jind\u0159ich\u016fv Hradec-m\u011bsto a tedy ve m\u011bstech (B\u00e1\u0148ovice , Bedn\u00e1rec , Bedn\u00e1re\u010dek , Bla\u017eejov (Dvore\u010dek , Mal\u00fd Ratm\u00edrov , Mutyn\u011bves , Old\u0159i\u0161) , Bo\u0159et\u00edn , B\u0159ezina , Bude\u010d (Borov\u00e1) , Bud\u00ed\u0161kovice (Mane\u0161ovice , Ostojkovice , Vesce) , Cep , Cizkrajov (Doln\u00ed Bol\u00edkov , Hole\u0161ice [&hellip;]<\/p>\n","protected":false},"author":1,"featured_media":156,"parent":0,"menu_order":0,"comment_status":"closed","ping_status":"closed","template":"","meta":{"footnotes":""},"_links":{"self":[{"href":"https:\/\/bagrujem.cz\/index.php\/wp-json\/wp\/v2\/pages\/117"}],"collection":[{"href":"https:\/\/bagrujem.cz\/index.php\/wp-json\/wp\/v2\/pages"}],"about":[{"href":"https:\/\/bagrujem.cz\/index.php\/wp-json\/wp\/v2\/types\/page"}],"author":[{"embeddable":true,"href":"https:\/\/bagrujem.cz\/index.php\/wp-json\/wp\/v2\/users\/1"}],"replies":[{"embeddable":true,"href":"https:\/\/bagrujem.cz\/index.php\/wp-json\/wp\/v2\/comments?post=117"}],"version-history":[{"count":2,"href":"https:\/\/bagrujem.cz\/index.php\/wp-json\/wp\/v2\/pages\/117\/revisions"}],"predecessor-version":[{"id":309,"href":"https:\/\/bagrujem.cz\/index.php\/wp-json\/wp\/v2\/pages\/117\/revisions\/309"}],"wp:featuredmedia":[{"embeddable":true,"href":"https:\/\/bagrujem.cz\/index.php\/wp-json\/wp\/v2\/media\/156"}],"wp:attachment":[{"href":"https:\/\/bagrujem.cz\/index.php\/wp-json\/wp\/v2\/media?parent=117"}],"curies":[{"name":"wp","href":"https:\/\/api.w.org\/{rel}","templated":true}]}}