{"id":115,"date":"2019-09-07T16:14:02","date_gmt":"2019-09-07T14:14:02","guid":{"rendered":"http:\/\/bagrujem.cz\/?page_id=115"},"modified":"2019-10-05T16:08:28","modified_gmt":"2019-10-05T14:08:28","slug":"zemni-prace-pro-okres-cesky-krumlov-mesto","status":"publish","type":"page","link":"https:\/\/bagrujem.cz\/index.php\/zemni-prace-pro-okres-cesky-krumlov-mesto\/","title":{"rendered":"Zemn\u00ed pr\u00e1ce pro okres \u010cesk\u00fd Krumlov-m\u011bsto"},"content":{"rendered":"\n<p style=\"color:#e92020;text-align:center\" class=\"has-text-color\"><strong>Bagrujem.cz +420 775 201 165<\/strong><\/p>\n\n\n\n<p>\n\nV okrese \u010cesk\u00fd Krumlov-m\u011bsto a tedy ve m\u011bstech (Bene\u0161ov nad \u010cernou (\u010cern\u00e9 \u00dadol\u00ed , Dalek\u00e9 Popelice , D\u011bkansk\u00e9 Skaliny , Dluho\u0161t\u011b , Hartunkov , Klen\u00ed , Ku\u0159\u00ed , Li\u010dov , Pust\u00e9 Skaliny , Valt\u00e9\u0159ov , Velk\u00e9 Skaliny , Velk\u00fd Jind\u0159ichov) , Besednice (Mal\u010de) , Bohdalovice (Kali\u0161t\u011b , Slavkov , Slubice , Su\u0161 , Sv\u00e9raz) , Brloh (Jansk\u00e9 \u00dadol\u00ed , Jaron\u00edn , Kov\u00e1\u0159ov , Roj\u0161\u00edn , Rycht\u00e1\u0159ov , Sedm Chalup) , Bujanov (Skoronice , Suchdol , Zd\u00edky) , \u010cern\u00e1 v Po\u0161umav\u00ed (Bli\u017en\u00e1 , \u010cern\u00e1 v Po\u0161umav\u00ed , Doln\u00ed Vltavice , Mokr\u00e1 , Muckov , Pl\u00e1ni\u010dka) , \u010cesk\u00fd Krumlov (Domoradice , Horn\u00ed Br\u00e1na , Latr\u00e1n , N\u00e1dra\u017en\u00ed P\u0159edm\u011bst\u00ed , Nov\u00e9 Dobrkovice , Nov\u00e9 Spol\u00ed , Ple\u0161ivec , Slupenec , Vnit\u0159n\u00ed M\u011bsto , Vy\u0161n\u00fd) , Doln\u00ed Dvo\u0159i\u0161t\u011b , Doln\u00ed T\u0159ebon\u00edn (\u010certyn\u011b , Doln\u00ed Svince , Doln\u00ed T\u0159ebon\u00edn , Horn\u00ed Svince , Horn\u00ed T\u0159ebon\u00edn , Prost\u0159edn\u00ed Svince , \u0160t\u011bk\u0159e , Z\u00e1lu\u017e\u00ed) , Frymburk (Blatn\u00e1 , Kov\u00e1\u0159ov , Miln\u00e1) , Holubov (Kraset\u00edn , T\u0159\u00edsov) , Horn\u00ed Dvo\u0159i\u0161t\u011b (\u010cesk\u00fd Her\u0161l\u00e1k) , Horn\u00ed Plan\u00e1 (Bli\u017e\u0161\u00ed Lhota , Hod\u0148ov , Hory , H\u016frka , Ol\u0161ina , Pernek , \u017dl\u00e1bek) , Ho\u0159ice na \u0160umav\u011b (M\u00fdto , Provodice , Skl\u00e1\u0159e , St\u011b\u017eerov , \u0160ebanov) , Chlumec (Krn\u00edn) , Chval\u0161iny (Borov\u00e1 , \u010cerven\u00fd Dv\u016fr , Hejdlov) , K\u00e1jov (Kladensk\u00e9 Rovn\u00e9 , Kladn\u00e9 , K\u0159enov , Lazec , Mezipoto\u010d\u00ed , Novosedly , P\u0159el\u0161tice , Star\u00e9 Dobrkovice) , Kaplice (Blansko , Dobechov , Hradi\u0161t\u011b , Hubenov , Kaplice , Kv\u011bto\u0148ov , Mostky , Po\u0159e\u0161\u00edn , Po\u0159e\u0161inec , Rozpout\u00ed , \u017d\u010f\u00e1r) , K\u0159em\u017ee (Bohou\u0161kovice , Chlum , Chlume\u010dek , Chmeln\u00e1 , K\u0159em\u017ee , Lhotka , Lou\u010dej , M\u0159\u00ed\u010d , Stupn\u00e1 , Vinn\u00e1) , Lipno nad Vltavou (Slupe\u010dn\u00e1) , Lou\u010dovice (Nov\u00e9 Domky) , Malonty (B\u011bl\u00e1 , Bukovsko , Desky , Jarom\u011b\u0159 , Malonty , Mezi\u0159\u00ed\u010d\u00ed , Rad\u010dice , Rapotice) , Mal\u0161\u00edn (Ostrov) , Mirkovice (Chabi\u010dovice , Mal\u010dice , Mirkovice , Svachova Lhotka , Zahr\u00e1dka , \u017daltice) , Mojn\u00e9 (\u010cernice , Z\u00e1horkovice) , Net\u0159ebice (Dlouh\u00e1 , V\u00fdhe\u0148) , Nov\u00e1 Ves (\u010cesk\u00e9 Chalupy) , Omlenice (Bla\u017ekov , Omleni\u010dka , Stradov , V\u00fdn\u011bzda) , Pohorsk\u00e1 Ves (Lu\u017enice , Poho\u0159\u00ed na \u0160umav\u011b) , Poln\u00e1 na \u0160umav\u011b , P\u0159edn\u00ed V\u00fdto\u0148 , P\u0159\u00eddol\u00ed (Dubov\u00e1 , Pr\u00e1\u010dov , P\u0159\u00eddol\u00ed , Sedlice , Spol\u00ed , V\u0161em\u011bry , Zaho\u0159\u00e1nky , Z\u00e1lu\u017e\u00ed) , P\u0159\u00edse\u010dn\u00e1 , Ro\u017emberk nad Vltavou (P\u0159\u00edze\u0159) , Ro\u017emit\u00e1l na \u0160umav\u011b (\u010ce\u0159\u00edn , Hn\u011bvanov , Michnice , Zahr\u00e1dka) , Sob\u011bnov (P\u0159\u00edse\u010dno , Smrhov , B\u00edda) , Srn\u00edn , St\u0159\u00edte\u017e (Kaplice-n\u00e1dra\u017e\u00ed , Rave\u0148) , Sv\u011btl\u00edk , Vele\u0161\u00edn (Bor , Holkov , Chode\u010d , Sk\u0159idla) , V\u011bt\u0159n\u00ed (Dobrn\u00e9 , Ha\u0161lovice , Lu\u017en\u00e1 , Naho\u0159any , N\u011bm\u010de , V\u011bt\u0159n\u00ed , Z\u00e1to\u0148 , Z\u00e1to\u0148sk\u00e9 Dvory) , V\u011b\u017eovat\u00e1 Pl\u00e1n\u011b (Doln\u00ed Pl\u00e1n\u011b) , Vy\u0161\u0161\u00ed Brod (Doln\u00ed Drkoln\u00e1 , Doln\u00ed J\u00edlovice , Herbertov , Hrudkov , Lachovice , Stud\u00e1nky , T\u011bchoraz , Vy\u0161\u0161\u00ed Brod) , Zlat\u00e1 Koruna (Ple\u0161ovice , R\u00e1jov) , Zub\u010dice (Markvartice , Zub\u010dick\u00e1 Lhotka) , Zv\u00edkov , vojensk\u00fd \u00fajezd Boletice)) dok\u00e1\u017eeme prov\u00e9st v\u00fdkopov\u00e9, zemn\u00ed \u010di demoli\u010dn\u00ed pr\u00e1ce v\u010detn\u011b odvozu materi\u00e1lu, p\u0159istaven\u00ed a odvezen\u00ed kontejneru za bezkonkuren\u010dn\u00ed ceny.\n\n<\/p>\n","protected":false},"excerpt":{"rendered":"<p>Bagrujem.cz +420 775 201 165 V okrese \u010cesk\u00fd Krumlov-m\u011bsto a tedy ve m\u011bstech (Bene\u0161ov nad \u010cernou (\u010cern\u00e9 \u00dadol\u00ed , Dalek\u00e9 Popelice , D\u011bkansk\u00e9 Skaliny , Dluho\u0161t\u011b , Hartunkov , Klen\u00ed , Ku\u0159\u00ed , Li\u010dov , Pust\u00e9 Skaliny , Valt\u00e9\u0159ov , Velk\u00e9 Skaliny , Velk\u00fd Jind\u0159ichov) , Besednice (Mal\u010de) , Bohdalovice [&hellip;]<\/p>\n","protected":false},"author":1,"featured_media":156,"parent":0,"menu_order":0,"comment_status":"closed","ping_status":"closed","template":"","meta":{"footnotes":""},"_links":{"self":[{"href":"https:\/\/bagrujem.cz\/index.php\/wp-json\/wp\/v2\/pages\/115"}],"collection":[{"href":"https:\/\/bagrujem.cz\/index.php\/wp-json\/wp\/v2\/pages"}],"about":[{"href":"https:\/\/bagrujem.cz\/index.php\/wp-json\/wp\/v2\/types\/page"}],"author":[{"embeddable":true,"href":"https:\/\/bagrujem.cz\/index.php\/wp-json\/wp\/v2\/users\/1"}],"replies":[{"embeddable":true,"href":"https:\/\/bagrujem.cz\/index.php\/wp-json\/wp\/v2\/comments?post=115"}],"version-history":[{"count":2,"href":"https:\/\/bagrujem.cz\/index.php\/wp-json\/wp\/v2\/pages\/115\/revisions"}],"predecessor-version":[{"id":308,"href":"https:\/\/bagrujem.cz\/index.php\/wp-json\/wp\/v2\/pages\/115\/revisions\/308"}],"wp:featuredmedia":[{"embeddable":true,"href":"https:\/\/bagrujem.cz\/index.php\/wp-json\/wp\/v2\/media\/156"}],"wp:attachment":[{"href":"https:\/\/bagrujem.cz\/index.php\/wp-json\/wp\/v2\/media?parent=115"}],"curies":[{"name":"wp","href":"https:\/\/api.w.org\/{rel}","templated":true}]}}