{"id":108,"date":"2019-09-07T16:10:29","date_gmt":"2019-09-07T14:10:29","guid":{"rendered":"http:\/\/bagrujem.cz\/?page_id=108"},"modified":"2019-10-05T16:07:34","modified_gmt":"2019-10-05T14:07:34","slug":"zemni-prace-pro-okres-benesov-mesto","status":"publish","type":"page","link":"https:\/\/bagrujem.cz\/index.php\/zemni-prace-pro-okres-benesov-mesto\/","title":{"rendered":"Zemn\u00ed pr\u00e1ce pro okres Bene\u0161ov-m\u011bsto"},"content":{"rendered":"\n<p style=\"color:#e92020;text-align:center\" class=\"has-text-color\"><strong>Bagrujem.cz +420 775 201 165<\/strong><\/p>\n\n\n\n<p>\n\nV okrese Bene\u0161ov-m\u011bsto a tedy ve m\u011bstech (Bene\u0161ov (Baba , Bedr\u010d , Bene\u0161ov , Bou\u0161ice , Bukov\u00e1 Lhota , \u010cerven\u00fd Dv\u016fr , Dlouh\u00e9 Pole , Chvojen , Konopi\u0161t\u011b , Mari\u00e1novice , Okrouhlice , Pomn\u011bnice , Rad\u00edkovice , \u00daro\u010dnice , Vidl\u00e1kova Lhota) , Bernartice , B\u00edlkovice (Moravsko , Takon\u00edn) , Bla\u017eejovice (V\u00edtonice) , Borovnice , Bukovany , Byst\u0159ice (Bo\u017ekovice , Byst\u0159ice , Drachkov , Hliv\u00edn , H\u016frka , Jarkovice , Jelene\u010d , Jino\u0161ice , J\u00edrovice , Ji\u0159\u00edn , Kobyl\u00ed a Plchov , L\u00ed\u0161no , L\u00ed\u0161t\u011bnec , Ml\u00fdny , Mokr\u00e1 Lhota , Nesva\u010dily , Op\u0159etice , Oub\u011bnice , Petrovice , Rado\u0161ovice , Semovice , Str\u017eenec , To\u017eice , Tvor\u0161ovice , Vojslavice , Zaho\u0159any) , Ctibo\u0159 (Hr\u00e1dek) , \u010cakov (Tatou\u0148ovice , Vlkov) , \u010cechtice (\u010cerni\u010d\u00ed , Dob\u0159\u00edkovice , Jen\u00edkov , Kr\u010dmy , Mal\u00e1 Paseka , Nakvasovice , Nov\u00e9 Pr\u00e1ch\u0148any , Otro\u010dice , Pal\u010dice , R\u016f\u017ekovy Lhotice , Star\u00e9 Pr\u00e1ch\u0148any , Sudislavice , Zho\u0159) , \u010cer\u010dany (Vysok\u00e1 Lhota) , \u010cerven\u00fd \u00dajezd (Horn\u00ed Borek , Milhostice , Nov\u00e9 Dvory , Styrov , T\u0159etu\u017eel) , \u010cesk\u00fd \u0160ternberk , \u010cty\u0159koly (Javorn\u00edk) , D\u011bkanovice , Divi\u0161ov (Dalovy , Divi\u0161ov , K\u0159e\u0161ice , Lbos\u00edn , M\u011bchnov , Radonice , \u0160ternov , Zdebuzeves) , Doln\u00ed Kralovice (Lib\u010dice , Martinice u Doln\u00edch Kralovic , St\u0159\u00edte\u017e , Vra\u017edovy Lhotice , Zahr\u00e1d\u010dice) , Drah\u0148ovice , Dunice , He\u0159mani\u010dky (Arno\u0161tovice , \u010c\u00ed\u0161\u0165ovice , D\u011bdkov , Durdice , He\u0159mani\u010dky , Jest\u0159ebice , Ji\u0159\u00edkovec , J\u00edv\u00ed , Karasova Lhota , K\u0159enovi\u010dky , Loudilka , Peklo , Velk\u00e9 He\u0159manice) , Hradi\u0161t\u011b , Hulice (R\u00fdzmburk) , Hv\u011bzdonice , Ch\u00e1\u0159ovice , Chleby , Chl\u00edstov (Racek , \u017dabov\u0159esky) , Chlum , Chmeln\u00e1 , Chocerady (Komorn\u00ed Hr\u00e1dek , Samechov , Vestec , Vlkovec) , Choratice , Chot\u00fd\u0161any (K\u0159emen\u00ed , M\u011bste\u010dko , Pa\u0159ez\u00ed) , Chr\u00e1\u0161\u0165any (Benice , \u010cern\u00edkovice , Sob\u011b\u0161ovice) , Jankov ( Bed\u0159ichovice , \u010ce\u010dkov , \u010cest\u00edn , Jankov , Jankovsk\u00e1 Lhota , Nos\u00e1kov , Odlochovice , Otradovice , Pi\u010d\u00edn , Podol\u00ed) , Javorn\u00edk , Je\u0161etice (B\u00e1\u0148ov , Hlav\u00e1\u010dkova Lhota , Rad\u00ed\u010d , \u0158ikov) , Kamberk (Hrajovice , P\u0159edbo\u0159ice) , Keblov (Sedlice) , Kladruby , Kondrac (Dub , Krasovice) , Kozmice (K\u00e1cova Lhota , Rous\u00ednov) , Krhanice (Doln\u00ed Po\u017e\u00e1ry , Prose\u010dnice) , Kr\u0148any (Telet\u00edn , T\u0159ebs\u00edn) , K\u0159e\u010dovice (Brde\u010dn\u00fd , Hod\u011btice , Ho\u0159etice , H\u016frka , Krchleby , K\u0159e\u010dovice , Lhotka , Nahoruby , Poli\u010dany , Skr\u00fd\u0161ov , Str\u00e1\u017eovice , Vlkonice , Zhorn\u00fd , \u017divoho\u0161\u0165) , K\u0159ivsoudov (Jeni\u0161ovice , Lhota Bubene\u010d) , Ku\u0148ovice , Le\u0161any (B\u0159e\u017eany , Nov\u00e1 Ves) , Libe\u017e , Litichovice , Loket (Alberovice , Bezd\u011bkov , Brzotice , Ka\u010derov , Loket , N\u011bm\u010dice , Rad\u00edkovice , V\u0161ebo\u0159ice) , Lou\u0148ovice pod Blan\u00edkem (B\u00fdkovice , Mrkvov\u00e1 Lhota , Rejkovice , Sv\u011btl\u00e1) , L\u0161t\u011bn\u00ed (Zlenice) , Mar\u0161ovice (Bezejovice , Dlouh\u00e1 Lhota , Libe\u010d , Mar\u0161ovice , Mst\u011btice , Podmar\u0161ovice , \u0158ehovice , Strnadice , Tikovice , Vr\u00e1ce , Z\u00e1ho\u0159\u00ed , Zahr\u00e1dka , Zaje\u010d\u00ed , Z\u00e1les\u00ed 1.d\u00edl , Z\u00e1les\u00ed 2.d\u00edl , Zderadice) , Mezno (La\u017eany , Mitrovice , Stup\u010dice , Vestec) , Mili\u010d\u00edn (Kahlovice , Malovice , Mili\u010d\u00edn , Nasavrky , Nov\u00e9 Dvory , Petrovice , Reksyn\u011b , Z\u00e1ho\u0159\u00ed u Mili\u010d\u00edna , \u017dibkov) , Mi\u0159etice , Mnichovice , Mra\u010d , Na\u010deradec (Dam\u011bnice , Doln\u00ed Lhota , Horn\u00ed Lhota , Na\u010deradec , Novotinky , Ole\u0161n\u00e1 , Prav\u011btice , \u0158\u00edsnice , Slav\u011bt\u00edn , Vra\u010dkovice , Zdim\u011b\u0159ice) , Nespeky (Ledce , M\u011bste\u010dko) , Netvo\u0159ice (Dun\u00e1vice , Lhota , Maskovice , Rad\u011bjovice , Tuchyn\u011b , V\u0161etice) , Neustupov (Bar\u010dov , Bo\u0159etice , Broumovice , Doln\u00ed Borek , Hoj\u0161\u00edn , Chl\u00edstov , Ji\u0159etice , Kr\u00e1lovna , Neustupov , Podles\u00ed , Sedle\u010dko , Slav\u00edn , Vl\u010dkovice , Vrchy , Z\u00e1ho\u0159\u00ed\u010dko , Z\u00e1les\u00ed , \u017dinice) , Neveklov (B\u011blice , Bla\u017eim , Borovka , Dale\u0161ice , Doloplazy , Dubovka , H\u016frka Kapinos , Chvoj\u00ednek , Jablonn\u00e1 , Ko\u017el\u00ed , Lipka , Ml\u00e9kovice , Neb\u0159ich , Ne\u0161t\u011btice , Neveklov , Ou\u0161tice , P\u0159iby\u0161ice , Radslavice , Spol\u00ed , Tloskov , Z\u00e1dol\u00ed , Z\u00e1rybnice) , Olbramovice (Babice , Dv\u016fr Semt\u00edn , Kochnov , K\u0159e\u0161ice , Mok\u0159any , Olbramovice M\u011bste\u010dko , Olbramovice Ves , Podol\u00ed , Radot\u00edn , Semt\u00edn , Semt\u00ednek , Slavkov , Tomice II , Veselka , Zahradnice) , Ostrov , Ost\u0159edek (B\u011bl\u010dice , M\u017ei\u017eovice , Ost\u0159edek , T\u0159emo\u0161nice , Vr\u00e1\u017e) , Pavlovice , Petroupim (Petroupec , Sembratec) , Popovice (Kamenn\u00e1 Lhota , Kondratice , Mladovice , Pazdern\u00e1 Lhota , Popovice , V\u011b\u017en\u00ed\u010dky) , Po\u0159\u00ed\u010d\u00ed nad S\u00e1zavou (Hvozdec) , Postupice (Buchov , \u010celivo , Dob\u0159\u00ed\u010dkov , Hol\u010dovice , Jemni\u0161t\u011b , Lhota Veselka , L\u00edsek , Milovanice , Miroslav , Mokliny , Nov\u00e1 Ves , Postupice , Pozov , Roub\u00ed\u010dkova Lhota , Su\u0161ice , Vrb\u011bt\u00edn) , Pravon\u00edn (Bukov\u00e1 , Karhule , K\u0159\u00ed\u017eov , Les\u00e1ky , Pravon\u00edn , Tisek , Volavka) , P\u0159estavlky u \u010cer\u010dan (\u010cistec , Doubravice 1.d\u00edl) , Ps\u00e1\u0159e (Dubovka) , Py\u0161ely (Borov\u00e1 Lhota , Kov\u00e1\u0159ovice , Nov\u00e1 Ves , Zaje\u010dice) , Rabyn\u011b (Bla\u017eenice , Lout\u00ed , M\u011b\u0159\u00edn , Nedv\u011bz\u00ed , Rabyn\u011b) , Rado\u0161ovice (Lipiny u Rado\u0161ovic , On\u0161ovice) , Rataje , Ratm\u011b\u0159ice ( Hrz\u00edn , Ratm\u011b\u0159ice , Skr\u00fd\u0161ov) , \u0158ehenice (Babice , Barochov , Gabrhele , K\u0159iv\u00e1\u010dek , Male\u0161\u00edn , \u0158ehenice , Vav\u0159etice) , \u0158imovice , S\u00e1zava (B\u011blokozly , \u010cern\u00e9 Budy , \u010ce\u0159enice , Dojet\u0159ice) , Slov\u011bnice , Smilkov (Kouty , L\u00ed\u0161t\u011bnec , Old\u0159ichovec , Plachova Lhota , Smilkov , Zechov) , Sn\u011bt , Sob\u011bhrdy (Meziho\u0159\u00ed , Phov , Sob\u011bhrdy , \u017d\u00ed\u0148\u00e1nky , \u017d\u00ed\u0148any) , Soutice (\u010cern\u00fd\u0161 , Kaln\u00e1) , Strann\u00fd (B\u0159evnice) , Strojetice , Struha\u0159ov (Bab\u010dice , Bo\u0159e\u0148ovice , Budkov , B\u00fdkovice , Doln\u00ed Podh\u00e1j\u00ed , Hli\u0148\u00e1nky , Horn\u00ed Podh\u00e1j\u00ed , Jezero , Mysl\u00ed\u010d , Pec\u00ednov , Skalice , Struha\u0159ov , St\u0159\u00ed\u017ekov , Svat\u00fd Jan , V\u011b\u0159ice) , St\u0159ezim\u00ed\u0159 (Bonkovice , \u010cernotice , Doln\u00ed Dob\u0159ejov , Horn\u00ed Dob\u0159ejov , St\u0159ezim\u00ed\u0159) , Studen\u00fd (Petrova Lhota) , \u0160et\u011bjovice (Doln\u00ed R\u00e1potice , \u017dib\u0159idovice) , Tehov (Nem\u00ed\u017e , Pet\u0159\u00edny) , Tepl\u00fd\u0161ovice (\u010ce\u0148ovice , Humenec , Koch\u00e1nov , Tepl\u00fd\u0161ovice , Z\u00e1les\u00ed) , Tichonice (Chochol , K\u00e1covec , K\u00e1covsk\u00e1 Lhota , Pel\u00ed\u0161k\u016fv Most , Sou\u0161ice , Tichonice) , Tisem , Tomice , Trhov\u00fd \u0160t\u011bp\u00e1nov (Dalkovice , Dub\u011bjovice , Sedmp\u00e1ny , St\u0159echov nad S\u00e1zavou , \u0160t\u011bp\u00e1novsk\u00e1 Lhota , Trhov\u00fd \u0160t\u011bp\u00e1nov) , T\u0159ebe\u0161ice , T\u00fdnec nad S\u00e1zavou (Brodce , \u010cakovice , Chr\u00e1st nad S\u00e1zavou , Krusi\u010dany , Pecerady , Pod\u011blusy , T\u00fdnec nad S\u00e1zavou , Zbo\u0159en\u00fd Kostelec) , V\u00e1clavice (Vat\u011bkov , Zbo\u017enice) , Veli\u0161 (Lipiny u Veli\u0161e , Nespery , Sedle\u010dko) , Vla\u0161im (Bolina , Doma\u0161\u00edn , Hrazen\u00e1 Lhota , Nespersk\u00e1 Lhota , Pol\u00e1nka , Vla\u0161im , Znosim) , Vodslivy , Vojkov (Bezm\u00ed\u0159 , K\u0159enovice , Lhotka , Minartice , Podol\u00ed , Sledovice , Vojkov , Vora\u010dice , Zahr\u00e1dka) , Votice (Amerika , Beztahov , Bu\u010dovice , Buden\u00edn , Hory , Hosti\u0161ov , Javor , Kali\u0161t\u011b , Ko\u0161ovice , Lys\u00e1 , Martinice , Mladou\u0161ov , Mysletice , Nazdice , Nezdice , Otradovice , Srbice , St\u0159el\u00edtov , V\u011btrov , Votice , Vranov , Zdebo\u0159) , Vracovice (Malovidy) , Vranov (Bezd\u011bkov , Bu\u010dina , Doubravice 2.d\u00edl , Kloko\u010dn\u00e1 , Ma\u010dovice , Nah\u00e1\u010d , \u00dadolnice , Vranov , Vranovsk\u00e1 Lhota) , Vrchotovy Janovice (Bra\u0161tice , H\u016frka , Liboho\u0161\u0165 , Man\u011blovice , Mrvice , Rudoltice , Sedle\u010dko , \u0160eb\u00e1\u0148ovice , Velk\u00e1 Lhota , Vrchotovy Janovice) , V\u0161echlapy , Vysok\u00fd \u00dajezd (V\u011btrov , Pex\u016fv Luh , Lhota) , Xaverov , Zdislavice , Zv\u011bstov (Bo\u0159kovice , Hlohov , Laby , Libou\u0148 , Ond\u0159ejovec , Otradov , Roudn\u00fd , \u0160lap\u00e1nov , Vestec , Vlasti\u0161ov , Zv\u011bstov)) dok\u00e1\u017eeme prov\u00e9st v\u00fdkopov\u00e9, zemn\u00ed \u010di demoli\u010dn\u00ed pr\u00e1ce v\u010detn\u011b odvozu materi\u00e1lu, p\u0159istaven\u00ed a odvezen\u00ed kontejneru za bezkonkuren\u010dn\u00ed ceny.\n\n<\/p>\n","protected":false},"excerpt":{"rendered":"<p>Bagrujem.cz +420 775 201 165 V okrese Bene\u0161ov-m\u011bsto a tedy ve m\u011bstech (Bene\u0161ov (Baba , Bedr\u010d , Bene\u0161ov , Bou\u0161ice , Bukov\u00e1 Lhota , \u010cerven\u00fd Dv\u016fr , Dlouh\u00e9 Pole , Chvojen , Konopi\u0161t\u011b , Mari\u00e1novice , Okrouhlice , Pomn\u011bnice , Rad\u00edkovice , \u00daro\u010dnice , Vidl\u00e1kova Lhota) , Bernartice , B\u00edlkovice [&hellip;]<\/p>\n","protected":false},"author":1,"featured_media":34,"parent":0,"menu_order":0,"comment_status":"closed","ping_status":"closed","template":"","meta":{"footnotes":""},"_links":{"self":[{"href":"https:\/\/bagrujem.cz\/index.php\/wp-json\/wp\/v2\/pages\/108"}],"collection":[{"href":"https:\/\/bagrujem.cz\/index.php\/wp-json\/wp\/v2\/pages"}],"about":[{"href":"https:\/\/bagrujem.cz\/index.php\/wp-json\/wp\/v2\/types\/page"}],"author":[{"embeddable":true,"href":"https:\/\/bagrujem.cz\/index.php\/wp-json\/wp\/v2\/users\/1"}],"replies":[{"embeddable":true,"href":"https:\/\/bagrujem.cz\/index.php\/wp-json\/wp\/v2\/comments?post=108"}],"version-history":[{"count":2,"href":"https:\/\/bagrujem.cz\/index.php\/wp-json\/wp\/v2\/pages\/108\/revisions"}],"predecessor-version":[{"id":305,"href":"https:\/\/bagrujem.cz\/index.php\/wp-json\/wp\/v2\/pages\/108\/revisions\/305"}],"wp:featuredmedia":[{"embeddable":true,"href":"https:\/\/bagrujem.cz\/index.php\/wp-json\/wp\/v2\/media\/34"}],"wp:attachment":[{"href":"https:\/\/bagrujem.cz\/index.php\/wp-json\/wp\/v2\/media?parent=108"}],"curies":[{"name":"wp","href":"https:\/\/api.w.org\/{rel}","templated":true}]}}